{"id":648,"date":"2020-06-22T13:30:56","date_gmt":"2020-06-22T11:30:56","guid":{"rendered":"https:\/\/testpage.future-parking.de\/?page_id=648"},"modified":"2020-08-27T20:02:10","modified_gmt":"2020-08-27T18:02:10","slug":"indoor","status":"publish","type":"page","link":"https:\/\/future-parking.de\/?page_id=648","title":{"rendered":"Indoor"},"content":{"rendered":"<h2>Indoor<\/h2>\n<h4 style=\"text-align: left;\">Navigation in geschlossenen R\u00e4umen bedeutet, dass<\/h4>\n<p>&#8211; wenig oder keine Informationen geostation\u00e4rer Satelliten (z.B. GPS) empfangen werden k\u00f6nnen<\/p>\n<p>&#8211; durch Ortungsverfahren eine genaue Position im Raum (Standort, H\u00f6he, Winkel) erfasst wird<\/p>\n<p>&#8211; in Echtzeit die Ortsver\u00e4nderung im Raum erfolgt und hierf\u00fcr jeweils neue Positionen im Raum errechnet werden<\/p>\n<p>&#8211; ein (k\u00fcrzester\/schnellster\/optimaler) Weg vom Startpunkt im Raum zur Zielposition im Raum identifiziert wird<\/p>\n<p>&#8211; vom aktuellen Standort (Position) zur Zielposition im Raum navigiert wird<\/p>\n<p>&#8211; bei Abweichungen von der berechneten Route im Raum neue Routen identifiziert und errechnet werden<\/p>\n<p>&#8211; Kombinationen von Positionen innerhalb und au\u00dferhalb des Raumes vorstellbar und navigierbar sind (Kombination GPS-gest\u00fctzter-Navigation und Indoor Navigation<\/p>\n<p>\t\t\t\t\t\t\t\t\t\t<img decoding=\"async\" width=\"768\" height=\"370\" src=\"https:\/\/future-parking.de\/wp-content\/uploads\/2020\/06\/ivs_park-768x370.png\" alt=\"\" loading=\"lazy\" srcset=\"https:\/\/future-parking.de\/wp-content\/uploads\/2020\/06\/ivs_park-768x370.png 768w, https:\/\/future-parking.de\/wp-content\/uploads\/2020\/06\/ivs_park-300x144.png 300w, https:\/\/future-parking.de\/wp-content\/uploads\/2020\/06\/ivs_park-1024x493.png 1024w, https:\/\/future-parking.de\/wp-content\/uploads\/2020\/06\/ivs_park-830x400.png 830w, https:\/\/future-parking.de\/wp-content\/uploads\/2020\/06\/ivs_park-230x111.png 230w, https:\/\/future-parking.de\/wp-content\/uploads\/2020\/06\/ivs_park-350x168.png 350w, https:\/\/future-parking.de\/wp-content\/uploads\/2020\/06\/ivs_park-480x231.png 480w, https:\/\/future-parking.de\/wp-content\/uploads\/2020\/06\/ivs_park.png 1236w\" sizes=\"auto, (max-width: 768px) 100vw, 768px\" \/><\/p>\n","protected":false},"excerpt":{"rendered":"<p>Indoor Navigation in geschlossenen R\u00e4umen bedeutet, dass &#8211; wenig oder keine Informationen geostation\u00e4rer Satelliten (z.B. GPS) empfangen werden k\u00f6nnen &#8211; durch Ortungsverfahren [&hellip;]<\/p>\n","protected":false},"author":2,"featured_media":0,"parent":571,"menu_order":0,"comment_status":"closed","ping_status":"closed","template":"","meta":{"footnotes":""},"class_list":["post-648","page","type-page","status-publish","hentry"],"_links":{"self":[{"href":"https:\/\/future-parking.de\/index.php?rest_route=\/wp\/v2\/pages\/648","targetHints":{"allow":["GET"]}}],"collection":[{"href":"https:\/\/future-parking.de\/index.php?rest_route=\/wp\/v2\/pages"}],"about":[{"href":"https:\/\/future-parking.de\/index.php?rest_route=\/wp\/v2\/types\/page"}],"author":[{"embeddable":true,"href":"https:\/\/future-parking.de\/index.php?rest_route=\/wp\/v2\/users\/2"}],"replies":[{"embeddable":true,"href":"https:\/\/future-parking.de\/index.php?rest_route=%2Fwp%2Fv2%2Fcomments&post=648"}],"version-history":[{"count":3,"href":"https:\/\/future-parking.de\/index.php?rest_route=\/wp\/v2\/pages\/648\/revisions"}],"predecessor-version":[{"id":735,"href":"https:\/\/future-parking.de\/index.php?rest_route=\/wp\/v2\/pages\/648\/revisions\/735"}],"up":[{"embeddable":true,"href":"https:\/\/future-parking.de\/index.php?rest_route=\/wp\/v2\/pages\/571"}],"wp:attachment":[{"href":"https:\/\/future-parking.de\/index.php?rest_route=%2Fwp%2Fv2%2Fmedia&parent=648"}],"curies":[{"name":"wp","href":"https:\/\/api.w.org\/{rel}","templated":true}]}}