{"id":647,"date":"2020-06-22T13:30:56","date_gmt":"2020-06-22T11:30:56","guid":{"rendered":"https:\/\/testpage.future-parking.de\/?page_id=647"},"modified":"2020-08-27T21:16:41","modified_gmt":"2020-08-27T19:16:41","slug":"logistik","status":"publish","type":"page","link":"https:\/\/future-parking.de\/?page_id=647","title":{"rendered":"Logistik"},"content":{"rendered":"<h2>Logistik<\/h2>\n<p>\t\t\t\t\t\t\t\t\t\t<img decoding=\"async\" width=\"1024\" height=\"387\" src=\"https:\/\/future-parking.de\/wp-content\/uploads\/2020\/06\/ivs_transport-1024x387.png\" alt=\"\" loading=\"lazy\" srcset=\"https:\/\/future-parking.de\/wp-content\/uploads\/2020\/06\/ivs_transport-1024x387.png 1024w, https:\/\/future-parking.de\/wp-content\/uploads\/2020\/06\/ivs_transport-300x113.png 300w, https:\/\/future-parking.de\/wp-content\/uploads\/2020\/06\/ivs_transport-768x290.png 768w, https:\/\/future-parking.de\/wp-content\/uploads\/2020\/06\/ivs_transport-830x313.png 830w, https:\/\/future-parking.de\/wp-content\/uploads\/2020\/06\/ivs_transport-230x87.png 230w, https:\/\/future-parking.de\/wp-content\/uploads\/2020\/06\/ivs_transport-350x132.png 350w, https:\/\/future-parking.de\/wp-content\/uploads\/2020\/06\/ivs_transport-480x181.png 480w, https:\/\/future-parking.de\/wp-content\/uploads\/2020\/06\/ivs_transport.png 1128w\" sizes=\"auto, (max-width: 1024px) 100vw, 1024px\" \/>\t\t\t\t\t\t\t\t\t\t\t<\/p>\n<h4 style=\"text-align: right;\">Microhubs Logistik<\/h4>\n<p style=\"text-align: right;\">Die Zukunft der Citylogistik beruht auf \u00f6kologisch und \u00f6konomischen L\u00f6sungen kleinster Entfernungen (\u201elast mile\u201c) in der effektiven Zustellung zum Empf\u00e4nger\/Kunden. Als Zustellbasis werden zunehmend \u201eKleinstl\u00e4ger\u201c, sogenannte Microhubs (Containergr\u00f6\u00dfe) identifiziert. <br \/>Zur Aufstellung der Container im begrenzt verf\u00fcgbaren innerst\u00e4dtischen Raum empfehlen sich insbesondere Parkh\u00e4user (=sicher, beleuchtet, \u00fcberwacht). F\u00fcr die Aufstellung und Belieferung (Versorgung) ist eine <strong>effektive Indoor-Navigation<\/strong> vorteilhaft.<\/p>\n<h4 style=\"text-align: left;\">Fabriken, Flugh\u00e4fen, Messen, Warenlagern<\/h4>\n<p>\u00dcberall, wo im Outdoor- und\/oder Indoor-Bereich Waren von Quelle A zum Ziel Z transportiert werden m\u00fcssen, basiert der optimierte Transport auf positionsgenauer Navigation. Outdoor-Navigation ist bekannt. Neu ist die Indoor-L\u00f6sung, die alle Qualit\u00e4ten der Outdoor-L\u00f6sung mitbringt, jedoch noch viel genauere Positionierung, wie sie auf Kommissionierungsfl\u00e4chen, in Abstelll\u00e4gen, auf Hochregalen, etc. notwendig sind, erm\u00f6glicht.<\/p>\n<p>\t\t\t\t\t\t\t\t\t\t<img decoding=\"async\" width=\"1024\" height=\"409\" src=\"https:\/\/future-parking.de\/wp-content\/uploads\/2020\/06\/ivs_transport2-1024x409.png\" alt=\"\" loading=\"lazy\" srcset=\"https:\/\/future-parking.de\/wp-content\/uploads\/2020\/06\/ivs_transport2-1024x409.png 1024w, https:\/\/future-parking.de\/wp-content\/uploads\/2020\/06\/ivs_transport2-300x120.png 300w, https:\/\/future-parking.de\/wp-content\/uploads\/2020\/06\/ivs_transport2-768x307.png 768w, https:\/\/future-parking.de\/wp-content\/uploads\/2020\/06\/ivs_transport2-830x332.png 830w, https:\/\/future-parking.de\/wp-content\/uploads\/2020\/06\/ivs_transport2-230x92.png 230w, https:\/\/future-parking.de\/wp-content\/uploads\/2020\/06\/ivs_transport2-350x140.png 350w, https:\/\/future-parking.de\/wp-content\/uploads\/2020\/06\/ivs_transport2-480x192.png 480w, https:\/\/future-parking.de\/wp-content\/uploads\/2020\/06\/ivs_transport2.png 1364w\" sizes=\"auto, (max-width: 1024px) 100vw, 1024px\" \/><\/p>\n","protected":false},"excerpt":{"rendered":"<p>Logistik Microhubs Logistik Die Zukunft der Citylogistik beruht auf \u00f6kologisch und \u00f6konomischen L\u00f6sungen kleinster Entfernungen (\u201elast mile\u201c) in der effektiven Zustellung zum [&hellip;]<\/p>\n","protected":false},"author":2,"featured_media":0,"parent":571,"menu_order":0,"comment_status":"closed","ping_status":"closed","template":"","meta":{"footnotes":""},"class_list":["post-647","page","type-page","status-publish","hentry"],"_links":{"self":[{"href":"https:\/\/future-parking.de\/index.php?rest_route=\/wp\/v2\/pages\/647","targetHints":{"allow":["GET"]}}],"collection":[{"href":"https:\/\/future-parking.de\/index.php?rest_route=\/wp\/v2\/pages"}],"about":[{"href":"https:\/\/future-parking.de\/index.php?rest_route=\/wp\/v2\/types\/page"}],"author":[{"embeddable":true,"href":"https:\/\/future-parking.de\/index.php?rest_route=\/wp\/v2\/users\/2"}],"replies":[{"embeddable":true,"href":"https:\/\/future-parking.de\/index.php?rest_route=%2Fwp%2Fv2%2Fcomments&post=647"}],"version-history":[{"count":6,"href":"https:\/\/future-parking.de\/index.php?rest_route=\/wp\/v2\/pages\/647\/revisions"}],"predecessor-version":[{"id":789,"href":"https:\/\/future-parking.de\/index.php?rest_route=\/wp\/v2\/pages\/647\/revisions\/789"}],"up":[{"embeddable":true,"href":"https:\/\/future-parking.de\/index.php?rest_route=\/wp\/v2\/pages\/571"}],"wp:attachment":[{"href":"https:\/\/future-parking.de\/index.php?rest_route=%2Fwp%2Fv2%2Fmedia&parent=647"}],"curies":[{"name":"wp","href":"https:\/\/api.w.org\/{rel}","templated":true}]}}