{"id":594,"date":"2020-06-19T16:36:54","date_gmt":"2020-06-19T14:36:54","guid":{"rendered":"https:\/\/testpage.future-parking.de\/?page_id=594"},"modified":"2020-11-13T14:17:28","modified_gmt":"2020-11-13T13:17:28","slug":"beteiligung","status":"publish","type":"page","link":"https:\/\/future-parking.de\/?page_id=594","title":{"rendered":"Beteiligung"},"content":{"rendered":"<h2>Beteiligung<\/h2>\n<p style=\"text-align: left;\">Wir sehen gro\u00dfes Potential in der Technologie, die im Forschungsprojekt zum Einsatz kommt. Dennoch gibt es viele Ansatzpunkte die Technologie f\u00fcr weitere Anwendungsf\u00e4lle zu adaptieren. An dieser Stelle sehen wir die M\u00f6glichkeit einer Beteiligung an der Entwicklung.<\/p>\n<p style=\"line-height: 90%; margin-top: 10pt; margin-bottom: 0pt; margin-left: 0in; text-indent: 0in; direction: ltr; unicode-bidi: embed; word-break: normal; text-align: left;\">\u00a0<\/p>\n<p>\t\t\t\t\t\t\t\t\t\t<img decoding=\"async\" width=\"1024\" height=\"574\" src=\"https:\/\/future-parking.de\/wp-content\/uploads\/2020\/06\/ivs-bg-1024x574.jpg\" alt=\"\" loading=\"lazy\" srcset=\"https:\/\/future-parking.de\/wp-content\/uploads\/2020\/06\/ivs-bg-1024x574.jpg 1024w, https:\/\/future-parking.de\/wp-content\/uploads\/2020\/06\/ivs-bg-300x168.jpg 300w, https:\/\/future-parking.de\/wp-content\/uploads\/2020\/06\/ivs-bg-768x430.jpg 768w, https:\/\/future-parking.de\/wp-content\/uploads\/2020\/06\/ivs-bg.jpg 1371w\" sizes=\"auto, (max-width: 1024px) 100vw, 1024px\" \/><br \/>\n\t\t\t\t\t\t\t\t\t\t<img decoding=\"async\" width=\"300\" height=\"282\" src=\"https:\/\/future-parking.de\/wp-content\/uploads\/2020\/06\/ivs-money-300x282.png\" alt=\"\" loading=\"lazy\" srcset=\"https:\/\/future-parking.de\/wp-content\/uploads\/2020\/06\/ivs-money-300x282.png 300w, https:\/\/future-parking.de\/wp-content\/uploads\/2020\/06\/ivs-money-230x216.png 230w, https:\/\/future-parking.de\/wp-content\/uploads\/2020\/06\/ivs-money-350x329.png 350w, https:\/\/future-parking.de\/wp-content\/uploads\/2020\/06\/ivs-money.png 445w\" sizes=\"auto, (max-width: 300px) 100vw, 300px\" \/>\t\t\t\t\t\t\t\t\t\t\t<\/p>\n<p style=\"text-align: right;\">Investieren Sie direkt oder indirekt in das Projekt, wir sehen Potential in der Ausstattung weiterer Testfelder oder in der Erschlie\u00dfung neuer Anwendungsf\u00e4lle.<\/p>\n<p style=\"text-align: left;\">Suchen oder Bieten Sie Leistungen, die das Projekt oder einzelne Partner unterst\u00fctzen? Wir freuen uns auf Kooperationen, die die Entwicklung vorantreiben.<\/p>\n<p>\t\t\t\t\t\t\t\t\t\t<img decoding=\"async\" width=\"755\" height=\"410\" src=\"https:\/\/future-parking.de\/wp-content\/uploads\/2020\/11\/IVS-AMP_Partner.png\" alt=\"\" loading=\"lazy\" srcset=\"https:\/\/future-parking.de\/wp-content\/uploads\/2020\/11\/IVS-AMP_Partner.png 755w, https:\/\/future-parking.de\/wp-content\/uploads\/2020\/11\/IVS-AMP_Partner-300x163.png 300w, https:\/\/future-parking.de\/wp-content\/uploads\/2020\/11\/IVS-AMP_Partner-230x125.png 230w, https:\/\/future-parking.de\/wp-content\/uploads\/2020\/11\/IVS-AMP_Partner-350x190.png 350w, https:\/\/future-parking.de\/wp-content\/uploads\/2020\/11\/IVS-AMP_Partner-480x261.png 480w\" sizes=\"auto, (max-width: 755px) 100vw, 755px\" \/><\/p>\n","protected":false},"excerpt":{"rendered":"<p>Beteiligung Wir sehen gro\u00dfes Potential in der Technologie, die im Forschungsprojekt zum Einsatz kommt. Dennoch gibt es viele Ansatzpunkte die Technologie f\u00fcr [&hellip;]<\/p>\n","protected":false},"author":2,"featured_media":0,"parent":0,"menu_order":0,"comment_status":"closed","ping_status":"closed","template":"","meta":{"footnotes":""},"class_list":["post-594","page","type-page","status-publish","hentry"],"_links":{"self":[{"href":"https:\/\/future-parking.de\/index.php?rest_route=\/wp\/v2\/pages\/594","targetHints":{"allow":["GET"]}}],"collection":[{"href":"https:\/\/future-parking.de\/index.php?rest_route=\/wp\/v2\/pages"}],"about":[{"href":"https:\/\/future-parking.de\/index.php?rest_route=\/wp\/v2\/types\/page"}],"author":[{"embeddable":true,"href":"https:\/\/future-parking.de\/index.php?rest_route=\/wp\/v2\/users\/2"}],"replies":[{"embeddable":true,"href":"https:\/\/future-parking.de\/index.php?rest_route=%2Fwp%2Fv2%2Fcomments&post=594"}],"version-history":[{"count":14,"href":"https:\/\/future-parking.de\/index.php?rest_route=\/wp\/v2\/pages\/594\/revisions"}],"predecessor-version":[{"id":887,"href":"https:\/\/future-parking.de\/index.php?rest_route=\/wp\/v2\/pages\/594\/revisions\/887"}],"wp:attachment":[{"href":"https:\/\/future-parking.de\/index.php?rest_route=%2Fwp%2Fv2%2Fmedia&parent=594"}],"curies":[{"name":"wp","href":"https:\/\/api.w.org\/{rel}","templated":true}]}}