{"id":580,"date":"2020-06-19T16:22:01","date_gmt":"2020-06-19T14:22:01","guid":{"rendered":"https:\/\/testpage.future-parking.de\/?page_id=580"},"modified":"2021-03-02T15:25:07","modified_gmt":"2021-03-02T14:25:07","slug":"vison","status":"publish","type":"page","link":"https:\/\/future-parking.de\/?page_id=580","title":{"rendered":"Vision"},"content":{"rendered":"<h2>Vision<\/h2>\n<h4 style=\"text-align: left;\"><b>Die Digitalisierung schreitet voran<\/b>\u00a0<\/h4>\n<p style=\"text-align: left;\">Gibt es noch Orte, die von der Digitalisierung nicht erfasst wurden?\u00a0\u00a0<br \/>Ja, immer dann, wenn es sich um besondere Umgebungen handelt, bei denen Funkwellen gest\u00f6rt oder die von Ortungssignalen von Satelliten\u00a0nicht durchdrungen werden.\u00a0\u00a0<\/p>\n<p style=\"text-align: left;\">&#8211; Parkh\u00e4user\u00a0<br \/>&#8211; (unterirdische) Logistikzentren<br \/>&#8211; Fabrikhallen\u00a0<br \/>&#8211; Messehallen\u00a0<\/p>\n<p>\t\t\t\t\t\t\t\t\t\t<img decoding=\"async\" width=\"988\" height=\"573\" src=\"https:\/\/future-parking.de\/wp-content\/uploads\/2020\/06\/ivs_screen-dig.png\" alt=\"\" loading=\"lazy\" srcset=\"https:\/\/future-parking.de\/wp-content\/uploads\/2020\/06\/ivs_screen-dig.png 988w, https:\/\/future-parking.de\/wp-content\/uploads\/2020\/06\/ivs_screen-dig-300x174.png 300w, https:\/\/future-parking.de\/wp-content\/uploads\/2020\/06\/ivs_screen-dig-768x445.png 768w, https:\/\/future-parking.de\/wp-content\/uploads\/2020\/06\/ivs_screen-dig-830x481.png 830w, https:\/\/future-parking.de\/wp-content\/uploads\/2020\/06\/ivs_screen-dig-230x133.png 230w, https:\/\/future-parking.de\/wp-content\/uploads\/2020\/06\/ivs_screen-dig-350x203.png 350w, https:\/\/future-parking.de\/wp-content\/uploads\/2020\/06\/ivs_screen-dig-480x278.png 480w\" sizes=\"auto, (max-width: 988px) 100vw, 988px\" \/><br \/>\n\t\t\t\t\t\t\t\t\t\t<img decoding=\"async\" width=\"179\" height=\"300\" src=\"https:\/\/future-parking.de\/wp-content\/uploads\/2020\/06\/ivs_mobile-navi-179x300.png\" alt=\"\" loading=\"lazy\" srcset=\"https:\/\/future-parking.de\/wp-content\/uploads\/2020\/06\/ivs_mobile-navi-179x300.png 179w, https:\/\/future-parking.de\/wp-content\/uploads\/2020\/06\/ivs_mobile-navi-230x385.png 230w, https:\/\/future-parking.de\/wp-content\/uploads\/2020\/06\/ivs_mobile-navi-350x586.png 350w, https:\/\/future-parking.de\/wp-content\/uploads\/2020\/06\/ivs_mobile-navi.png 367w\" sizes=\"auto, (max-width: 179px) 100vw, 179px\" \/>\t\t\t\t\t\t\t\t\t\t\t<\/p>\n<h4 style=\"text-align: right;\"><b>Navigation<\/b>\u00a0<\/h4>\n<p style=\"text-align: right;\">W\u00e4re es nicht sch\u00f6n, wenn auch diese Orte erschlossen werden k\u00f6nnen, genauso wie dies im normalen Stra\u00dfenverkehr geschieht? Wenn die Identifikation unabh\u00e4ngig von Ort, Bausubstanz, r\u00e4umlicher Gegebenheit jederzeit m\u00f6glich ist, um bestm\u00f6gliche Routen anzubieten und die Nutzererfahrung damit auf ein neues Niveau zu heben?\u00a0<\/p>\n<p style=\"text-align: right;\">Future\u00a0Parking\u00a0beantwortet diese Fragen mit einer Technologie, die robust genug ist, Fahrzeuge genauso zu navigieren, wie dies au\u00dferhalb von Geb\u00e4uden m\u00f6glich ist.\u00a0\u00a0<\/p>\n<h4 style=\"text-align: left;\"><b>Bargeldlos bezahlen<\/b>\u00a0<\/h4>\n<p style=\"text-align: left;\">Die\u00a0Technologie von Future\u00a0Parking\u00a0bringt eine\u00a0F\u00fclle\u00a0neuer Anwendungen und Services zus\u00e4tzlich zu Ortungs- und Navigationsanwendungen mit, die den Nutzern das Parken erleichtern\u00a0(Buchung von speziellen Parkfl\u00e4chen und in Wunsch-Etagen)\u00a0und Parkh\u00e4user in Mobilit\u00e4tsketten integrieren lassen, so dass z.B. der gebuchte Parkplatz auch ein verg\u00fcnstigtes Ticket f\u00fcr den \u00f6ffentlichen Nahverkehr beinhalten kann. Warum mit Kleingeld herum\u00e4rgern, wenn der Parkhaustarif transparent in der App dargestellt wird im Anschluss auch noch elektronisch bezahlt werden kann?\u00a0\u00a0<\/p>\n<p>\t\t\t\t\t\t\t\t\t\t<img decoding=\"async\" width=\"265\" height=\"300\" src=\"https:\/\/future-parking.de\/wp-content\/uploads\/2020\/06\/ivs_mobile-265x300.png\" alt=\"\" loading=\"lazy\" srcset=\"https:\/\/future-parking.de\/wp-content\/uploads\/2020\/06\/ivs_mobile-265x300.png 265w, https:\/\/future-parking.de\/wp-content\/uploads\/2020\/06\/ivs_mobile-230x261.png 230w, https:\/\/future-parking.de\/wp-content\/uploads\/2020\/06\/ivs_mobile-350x397.png 350w, https:\/\/future-parking.de\/wp-content\/uploads\/2020\/06\/ivs_mobile-480x544.png 480w, https:\/\/future-parking.de\/wp-content\/uploads\/2020\/06\/ivs_mobile.png 637w\" sizes=\"auto, (max-width: 265px) 100vw, 265px\" \/>\t\t\t\t\t\t\t\t\t\t\t<\/p>\n<h3>All dieses und noch viel mehr vereint das Projekt<\/h3>\n<p>\t\t\t\t\t\t\t\t\t\t<img decoding=\"async\" width=\"768\" height=\"215\" src=\"https:\/\/future-parking.de\/wp-content\/uploads\/2020\/06\/ivs_name-768x215.png\" alt=\"\" loading=\"lazy\" srcset=\"https:\/\/future-parking.de\/wp-content\/uploads\/2020\/06\/ivs_name-768x215.png 768w, https:\/\/future-parking.de\/wp-content\/uploads\/2020\/06\/ivs_name-300x84.png 300w, https:\/\/future-parking.de\/wp-content\/uploads\/2020\/06\/ivs_name-1024x286.png 1024w, https:\/\/future-parking.de\/wp-content\/uploads\/2020\/06\/ivs_name-1536x430.png 1536w, https:\/\/future-parking.de\/wp-content\/uploads\/2020\/06\/ivs_name-830x232.png 830w, https:\/\/future-parking.de\/wp-content\/uploads\/2020\/06\/ivs_name-230x64.png 230w, https:\/\/future-parking.de\/wp-content\/uploads\/2020\/06\/ivs_name-350x98.png 350w, https:\/\/future-parking.de\/wp-content\/uploads\/2020\/06\/ivs_name-480x134.png 480w, https:\/\/future-parking.de\/wp-content\/uploads\/2020\/06\/ivs_name.png 1766w\" sizes=\"auto, (max-width: 768px) 100vw, 768px\" \/>\t\t\t\t\t\t\t\t\t\t\t<\/p>\n<h4>Wir bringen es mit unserem Projekt und der entwickelten Technologie ins Parkhaus.\u00a0<\/h4>\n<h4><a href=\"https:\/\/future-parking.de\/?page_id=594\" target=\"_blank\" rel=\"noopener noreferrer\">Seien Sie dabei!<\/a><\/h4>\n<p>\t\t\t\t\t\t\t\t\t\t<img decoding=\"async\" width=\"300\" height=\"282\" src=\"https:\/\/future-parking.de\/wp-content\/uploads\/2020\/06\/ivs-money-300x282.png\" alt=\"\" loading=\"lazy\" srcset=\"https:\/\/future-parking.de\/wp-content\/uploads\/2020\/06\/ivs-money-300x282.png 300w, https:\/\/future-parking.de\/wp-content\/uploads\/2020\/06\/ivs-money-230x216.png 230w, https:\/\/future-parking.de\/wp-content\/uploads\/2020\/06\/ivs-money-350x329.png 350w, https:\/\/future-parking.de\/wp-content\/uploads\/2020\/06\/ivs-money.png 445w\" sizes=\"auto, (max-width: 300px) 100vw, 300px\" \/><\/p>\n","protected":false},"excerpt":{"rendered":"<p>Vision Die Digitalisierung schreitet voran\u00a0 Gibt es noch Orte, die von der Digitalisierung nicht erfasst wurden?\u00a0\u00a0Ja, immer dann, wenn es sich um [&hellip;]<\/p>\n","protected":false},"author":2,"featured_media":0,"parent":0,"menu_order":0,"comment_status":"closed","ping_status":"closed","template":"","meta":{"footnotes":""},"class_list":["post-580","page","type-page","status-publish","hentry"],"_links":{"self":[{"href":"https:\/\/future-parking.de\/index.php?rest_route=\/wp\/v2\/pages\/580","targetHints":{"allow":["GET"]}}],"collection":[{"href":"https:\/\/future-parking.de\/index.php?rest_route=\/wp\/v2\/pages"}],"about":[{"href":"https:\/\/future-parking.de\/index.php?rest_route=\/wp\/v2\/types\/page"}],"author":[{"embeddable":true,"href":"https:\/\/future-parking.de\/index.php?rest_route=\/wp\/v2\/users\/2"}],"replies":[{"embeddable":true,"href":"https:\/\/future-parking.de\/index.php?rest_route=%2Fwp%2Fv2%2Fcomments&post=580"}],"version-history":[{"count":20,"href":"https:\/\/future-parking.de\/index.php?rest_route=\/wp\/v2\/pages\/580\/revisions"}],"predecessor-version":[{"id":914,"href":"https:\/\/future-parking.de\/index.php?rest_route=\/wp\/v2\/pages\/580\/revisions\/914"}],"wp:attachment":[{"href":"https:\/\/future-parking.de\/index.php?rest_route=%2Fwp%2Fv2%2Fmedia&parent=580"}],"curies":[{"name":"wp","href":"https:\/\/api.w.org\/{rel}","templated":true}]}}