{"id":39,"date":"2018-05-24T15:54:21","date_gmt":"2018-05-24T13:54:21","guid":{"rendered":"http:\/\/dev.amz-sachsen.de\/?page_id=39"},"modified":"2020-08-27T20:50:53","modified_gmt":"2020-08-27T18:50:53","slug":"lgh-leipzig","status":"publish","type":"page","link":"https:\/\/future-parking.de\/?page_id=39","title":{"rendered":"LGH Leipzig"},"content":{"rendered":"<h2>LGH Leipzig<\/h2>\t\t\n\t\t\n<figure><a href=\"https:\/\/www.lgh-leipzig.de\/\"><img loading=\"lazy\" decoding=\"async\" src=\"https:\/\/testpage.future-parking.de\/wp-content\/uploads\/2020\/01\/lgh.jpg\" alt=\"\" width=\"160\" height=\"86\"\/><\/a><\/figure>\n\n\n<p>Die&nbsp;<a href=\"http:\/\/www.lgh-leipzig.de\/\" target=\"_blank\" rel=\"noreferrer noopener\">LGH Leipziger Gewerbehofgesellschaft GmbH &amp; Co. KG<\/a>, 1994 als Gemeinschaftsprojekt der Stadt Leipzig, der Industrie- und Handelskammer sowie der Handwerkskammer gegr\u00fcndet, ist ein Instrument der Wirtschaftsf\u00f6rderung f\u00fcr kleine und mittlere Unternehmen (KMU) in Leipzig, denen geeignete Mietfl\u00e4chen in verschiedenen Gewerbeimmobilien angeboten werden. Zur Erfolgsgeschichte geh\u00f6rt die St\u00e4rkung bereits ans\u00e4ssiger Unternehmen ebenso wie eine ganze Reihe von Neuansiedlungen.<br><\/p>\n\n\n<p>Im Gesamtportfolio der LGH befinden sich aktuell zw\u00f6lf Objekte an infrastrukturell gut erschlossenen Standorten im gesamten Gebiet der Stadt Leipzig. Das Angebot mit einer Gesamtfl\u00e4che von \u00fcber 130.000 Quadratmetern ist auf differenzierte Anforderungen von kleinen und mittleren Unternehmen zugeschnitten und umfasst Gewerbe-, Produktions-, Labor-, Medien- und Servicefl\u00e4chen mit zugeordneten B\u00fcro- und Sozialfl\u00e4chen. Sie k\u00f6nnen flexibel an den individuellen Bedarf der Unternehmen angepasst werden.<\/p>\n\n\n<p>weitere Infos unter <a href=\"https:\/\/www.lgh-leipzig.de\/\">www.lgh-leipzig.de<\/a><\/p>\n","protected":false},"excerpt":{"rendered":"<p>LGH Leipzig Die&nbsp;LGH Leipziger Gewerbehofgesellschaft GmbH &amp; Co. KG, 1994 als Gemeinschaftsprojekt der Stadt Leipzig, der Industrie- und Handelskammer sowie der Handwerkskammer [&hellip;]<\/p>\n","protected":false},"author":2,"featured_media":0,"parent":21,"menu_order":9,"comment_status":"closed","ping_status":"closed","template":"","meta":{"footnotes":""},"class_list":["post-39","page","type-page","status-publish","hentry"],"_links":{"self":[{"href":"https:\/\/future-parking.de\/index.php?rest_route=\/wp\/v2\/pages\/39","targetHints":{"allow":["GET"]}}],"collection":[{"href":"https:\/\/future-parking.de\/index.php?rest_route=\/wp\/v2\/pages"}],"about":[{"href":"https:\/\/future-parking.de\/index.php?rest_route=\/wp\/v2\/types\/page"}],"author":[{"embeddable":true,"href":"https:\/\/future-parking.de\/index.php?rest_route=\/wp\/v2\/users\/2"}],"replies":[{"embeddable":true,"href":"https:\/\/future-parking.de\/index.php?rest_route=%2Fwp%2Fv2%2Fcomments&post=39"}],"version-history":[{"count":2,"href":"https:\/\/future-parking.de\/index.php?rest_route=\/wp\/v2\/pages\/39\/revisions"}],"predecessor-version":[{"id":769,"href":"https:\/\/future-parking.de\/index.php?rest_route=\/wp\/v2\/pages\/39\/revisions\/769"}],"up":[{"embeddable":true,"href":"https:\/\/future-parking.de\/index.php?rest_route=\/wp\/v2\/pages\/21"}],"wp:attachment":[{"href":"https:\/\/future-parking.de\/index.php?rest_route=%2Fwp%2Fv2%2Fmedia&parent=39"}],"curies":[{"name":"wp","href":"https:\/\/api.w.org\/{rel}","templated":true}]}}