{"id":33,"date":"2018-05-24T15:53:13","date_gmt":"2018-05-24T13:53:13","guid":{"rendered":"http:\/\/dev.amz-sachsen.de\/?page_id=33"},"modified":"2020-11-13T14:10:44","modified_gmt":"2020-11-13T13:10:44","slug":"amz-sachsen","status":"publish","type":"page","link":"https:\/\/future-parking.de\/?page_id=33","title":{"rendered":"AMZ Sachsen"},"content":{"rendered":"<h2>AMZ &#8211; Das Netzwerk der Automobilbranche in Sachsen<\/h2>\t\t\n\t\t<p><\/p>\n<figure><a href=\"https:\/\/www.amz-sachsen.de\"><img loading=\"lazy\" decoding=\"async\" src=\"https:\/\/testpage.future-parking.de\/wp-content\/uploads\/2019\/10\/amz-300x194.png\" alt=\"\" width=\"165\" height=\"107\" \/><\/a><\/figure>\n<p><\/p>\n<p><\/p>\n<p>Im heutigen Wettbewerb ist es f\u00fcr Unternehmen unentbehrlich, fortlaufend den Markt zu beobachten, Kontakte zu potenziellen Partnern aufzubauen und nach neuen Technologien und Entwicklungsm\u00f6glichkeiten Ausschau zu halten. Nur so kann die eigene Marktposition erhalten oder verbessert werden. F\u00fcr kleinere und mittlere Unternehmen ist dies nicht selten ein andauernder Kraftakt. Branchennetzwerke wie AMZ helfen, Informationen \u00fcber den Markt und seine Trends zu b\u00fcndeln und bedarfsgerecht an das einzelne Unternehmen weiterzugeben. AMZ vernetzt die Akteure der gesamten Wertsch\u00f6pfungskette der Automobilindustrie: Ob Unternehmen und Institutionen aus Forschung und Entwicklung, Zulieferer, Maschinenbauer oder Industriedienstleiter, das Netzwerk bietet Mehrwert f\u00fcr jedes einzelne Unternehmen. Mittelpunkt der AMZ-Arbeit ist es, die Wettbewerbsf\u00e4higkeit der Mitglieder zu st\u00e4rken und die Unternehmen auf dem Weg zu anerkannten, global agieren-den L\u00f6sungspartnern der Automobilindustrie zu begleiten. Mit derzeit 130 Mitgliedern und einem Netzwerk von \u00fcber 800 s\u00e4chsischen Unternehmen der Branche bietet AMZ eine ideale Plattform um Kontakte zu kn\u00fcpfen, Erfahrungen und Ideen auszutauschen, Potenziale f\u00fcr Zusammenarbeit zu entdecken, Synergien herzustellen und letztendlich konkrete Projekte zu initialisieren. Unter den Mitgliedern befinden sich ein Teil der im Anhang aufgelisteten Akteure der Sensorik. In einer Studie werden f\u00fcr den Themenschwerpunkt Fahrzeugvernetzung und Fahrzeug-Sensorik 32 Unternehmen mit ca. 5000 Mitarbeitern mit Standort in Sachsen benannt. Dies ist zugleich die gr\u00f6\u00dfte Anzahl der Unternehmen, die den herausgestellten Trends der Zukunft der Automobilbranche zuordenbar sind. Mit der vom AMZ angefertigten Studie zur Bestandsaufnahme von Kompetenzen im Bereich Fahrzeugsensorik in Sachsen wurde eine Stakeholderanalyse durchgef\u00fchrt.<\/p>\n<p><\/p>\n<p><\/p>\n<figure><img loading=\"lazy\" decoding=\"async\" src=\"https:\/\/testpage.future-parking.de\/wp-content\/uploads\/2020\/01\/keltsch.jpg\" alt=\"\" width=\"133\" height=\"176\" \/><\/figure>\n<p>Ansprechpartner<br \/>AMZ \u2013 Netzwerk Automobilzulieferer Sachsen<br \/>Freiberger Str. 35 | 01067 Dresden<br \/><a href=\"http:\/\/www.amz-sachsen.de\">www.amz-sachsen.de<\/a><\/p>\n<p>Thomas Keltsch (Projektleiter)<br \/>Tel.: 0351 8322 329<br \/>E-Mail: keltsch@amz-sachsen.de<\/p>\n<p><\/p>\n<p><\/p>\n<figure><img decoding=\"async\" src=\"https:\/\/testpage.future-parking.de\/wp-content\/uploads\/2019\/10\/amz_mitglieder-1024x617.jpg\" alt=\"\" \/><\/figure>\n<p><\/p>","protected":false},"excerpt":{"rendered":"<p>AMZ &#8211; Das Netzwerk der Automobilbranche in Sachsen Im heutigen Wettbewerb ist es f\u00fcr Unternehmen unentbehrlich, fortlaufend den Markt zu beobachten, Kontakte [&hellip;]<\/p>\n","protected":false},"author":2,"featured_media":0,"parent":21,"menu_order":6,"comment_status":"closed","ping_status":"closed","template":"","meta":{"footnotes":""},"class_list":["post-33","page","type-page","status-publish","hentry"],"_links":{"self":[{"href":"https:\/\/future-parking.de\/index.php?rest_route=\/wp\/v2\/pages\/33","targetHints":{"allow":["GET"]}}],"collection":[{"href":"https:\/\/future-parking.de\/index.php?rest_route=\/wp\/v2\/pages"}],"about":[{"href":"https:\/\/future-parking.de\/index.php?rest_route=\/wp\/v2\/types\/page"}],"author":[{"embeddable":true,"href":"https:\/\/future-parking.de\/index.php?rest_route=\/wp\/v2\/users\/2"}],"replies":[{"embeddable":true,"href":"https:\/\/future-parking.de\/index.php?rest_route=%2Fwp%2Fv2%2Fcomments&post=33"}],"version-history":[{"count":7,"href":"https:\/\/future-parking.de\/index.php?rest_route=\/wp\/v2\/pages\/33\/revisions"}],"predecessor-version":[{"id":872,"href":"https:\/\/future-parking.de\/index.php?rest_route=\/wp\/v2\/pages\/33\/revisions\/872"}],"up":[{"embeddable":true,"href":"https:\/\/future-parking.de\/index.php?rest_route=\/wp\/v2\/pages\/21"}],"wp:attachment":[{"href":"https:\/\/future-parking.de\/index.php?rest_route=%2Fwp%2Fv2%2Fmedia&parent=33"}],"curies":[{"name":"wp","href":"https:\/\/api.w.org\/{rel}","templated":true}]}}