{"id":31,"date":"2018-05-24T15:52:52","date_gmt":"2018-05-24T13:52:52","guid":{"rendered":"http:\/\/dev.amz-sachsen.de\/?page_id=31"},"modified":"2020-08-27T20:47:56","modified_gmt":"2020-08-27T18:47:56","slug":"metirionic-gmbh","status":"publish","type":"page","link":"https:\/\/future-parking.de\/?page_id=31","title":{"rendered":"Metirionic GmbH"},"content":{"rendered":"<h2>Metirionic GmbH<\/h2>\t\t\n\t\t\n<figure><a href=\"http:\/\/www.metirionic.com\"><img loading=\"lazy\" decoding=\"async\" src=\"https:\/\/testpage.future-parking.de\/wp-content\/uploads\/2020\/01\/metirionic-logo.png\" alt=\"\" width=\"240\" height=\"45\"\/><\/a><\/figure>\n\n\n<p>Metirionic stellt die Positionsbestimmung der Sensordaten von Industriekunden sicher &#8211; insb. in sehr harscher Umgebung. Dies erfolgt auf Grund der Expertise in funkbasierter Messung von lokalen Abst\u00e4nden und Richtungen. Hierzu lizenziert Metirionic seine Technologie und bietet zudem Ingenieurdienstleistungen f\u00fcr drahtlose und energieeffiziente Abstandsmessung an. Typische Anwendungsf\u00e4lle sind Proximity, Lokalisierungssysteme, Ortung, Radar und virtuelle Begrenzung.&nbsp;<\/p>\n\n\n<p>Seit 1.8.18 ist Metirionic Teil des AMZ-Netzwerkes und unterst\u00fctzt das gemeinsame EU-F\u00f6rderprojekt &#8222;Parkhaus IVS-AMP&#8220;. Hierbei entwickeln Metirionic und mehrere Partner des AMZ-Netzwerks ein Wireless Sensor Network (WSN) und ein Radarsystem, um Standortbestimmung, Navigation und Logistikaktivit\u00e4ten (Tracking) zu erm\u00f6glichen. Insbesondere die zugrundeliegende Metirionic-Technologie f\u00fcr Abstands- und Winkelmessungen im komplexen Umfeld eines Parkhauses erm\u00f6glicht dort erfolgreiche Lokalisierungsdienstleistungen.&nbsp;<\/p>\n\n\n<p>weitere Infos unter <a href=\"http:\/\/www.metirionic.com\">www.metirionic.com<\/a><\/p>\n","protected":false},"excerpt":{"rendered":"<p>Metirionic GmbH Metirionic stellt die Positionsbestimmung der Sensordaten von Industriekunden sicher &#8211; insb. in sehr harscher Umgebung. Dies erfolgt auf Grund der [&hellip;]<\/p>\n","protected":false},"author":2,"featured_media":0,"parent":21,"menu_order":5,"comment_status":"closed","ping_status":"closed","template":"","meta":{"footnotes":""},"class_list":["post-31","page","type-page","status-publish","hentry"],"_links":{"self":[{"href":"https:\/\/future-parking.de\/index.php?rest_route=\/wp\/v2\/pages\/31","targetHints":{"allow":["GET"]}}],"collection":[{"href":"https:\/\/future-parking.de\/index.php?rest_route=\/wp\/v2\/pages"}],"about":[{"href":"https:\/\/future-parking.de\/index.php?rest_route=\/wp\/v2\/types\/page"}],"author":[{"embeddable":true,"href":"https:\/\/future-parking.de\/index.php?rest_route=\/wp\/v2\/users\/2"}],"replies":[{"embeddable":true,"href":"https:\/\/future-parking.de\/index.php?rest_route=%2Fwp%2Fv2%2Fcomments&post=31"}],"version-history":[{"count":4,"href":"https:\/\/future-parking.de\/index.php?rest_route=\/wp\/v2\/pages\/31\/revisions"}],"predecessor-version":[{"id":766,"href":"https:\/\/future-parking.de\/index.php?rest_route=\/wp\/v2\/pages\/31\/revisions\/766"}],"up":[{"embeddable":true,"href":"https:\/\/future-parking.de\/index.php?rest_route=\/wp\/v2\/pages\/21"}],"wp:attachment":[{"href":"https:\/\/future-parking.de\/index.php?rest_route=%2Fwp%2Fv2%2Fmedia&parent=31"}],"curies":[{"name":"wp","href":"https:\/\/api.w.org\/{rel}","templated":true}]}}