{"id":27,"date":"2018-05-24T15:52:01","date_gmt":"2018-05-24T13:52:01","guid":{"rendered":"http:\/\/dev.amz-sachsen.de\/?page_id=27"},"modified":"2020-08-27T20:43:59","modified_gmt":"2020-08-27T18:43:59","slug":"fusionsystems-gmbh","status":"publish","type":"page","link":"https:\/\/future-parking.de\/?page_id=27","title":{"rendered":"FusionSystems GmbH"},"content":{"rendered":"<h2>FusionSystems GmbH<\/h2>\t\t\n\t\t\n<figure><a href=\"https:\/\/www.fusionsystems.de\"><img decoding=\"async\" src=\"https:\/\/testpage.future-parking.de\/wp-content\/uploads\/2020\/01\/FS-Logo_sticky.png\" alt=\"\"\/><\/a><\/figure>\n\n\n<p>Die FusionSystems GmbH ist Spezialist auf dem Gebiet der Multi-Sensor-Datenfusion. Produkt- und Dienstleistungsschwerpunkte von FusionSystems sind Systeml\u00f6sungen f\u00fcr die Bildverarbeitung und Automatisierung, die Szenenerkennung in Fahrerassistenzsystemen und die optische Navigation von fahrerlosen Fahrzeugen. Seit der Gr\u00fcndung im Februar 2005 als Spinn-Off der TU Chemnitz entwickelt FusionSystems permanent innovative Konzepte und setzt diese um.&nbsp;<\/p>\n\n\n<p>FusionSystems ist ein Partner der Automobilindustrie bei der Entwicklung von Erkennungssystemen verschiedenster Art. Beispiele daf\u00fcr sind Fu\u00dfg\u00e4ngererkennung, die Fahrbahn- und Stra\u00dfenranderkennung sowie die Erkennung anderer Objekte der Stra\u00dfeninfrastruktur.&nbsp;<\/p>\n\n\n<p>Unseren Kunden kommen dabei langj\u00e4hrige Erfahrungen bei der Bildauswertung und Sensorsignalverarbeitung sowie unsere Kompetenzen in der Sensor-Daten-Fusion zugute. Dabei verf\u00fcgen wir \u00fcber Expertise in den Bereichen der Filtertechnologien, Klassifikation und Regelungstechnik.&nbsp;<\/p>\n\n\n<p>weitere Infos unter <a href=\"https:\/\/www.fusionsystems.de\">www.fusionsystems.de<\/a><\/p>\n","protected":false},"excerpt":{"rendered":"<p>FusionSystems GmbH Die FusionSystems GmbH ist Spezialist auf dem Gebiet der Multi-Sensor-Datenfusion. Produkt- und Dienstleistungsschwerpunkte von FusionSystems sind Systeml\u00f6sungen f\u00fcr die Bildverarbeitung [&hellip;]<\/p>\n","protected":false},"author":2,"featured_media":0,"parent":21,"menu_order":3,"comment_status":"closed","ping_status":"closed","template":"","meta":{"footnotes":""},"class_list":["post-27","page","type-page","status-publish","hentry"],"_links":{"self":[{"href":"https:\/\/future-parking.de\/index.php?rest_route=\/wp\/v2\/pages\/27","targetHints":{"allow":["GET"]}}],"collection":[{"href":"https:\/\/future-parking.de\/index.php?rest_route=\/wp\/v2\/pages"}],"about":[{"href":"https:\/\/future-parking.de\/index.php?rest_route=\/wp\/v2\/types\/page"}],"author":[{"embeddable":true,"href":"https:\/\/future-parking.de\/index.php?rest_route=\/wp\/v2\/users\/2"}],"replies":[{"embeddable":true,"href":"https:\/\/future-parking.de\/index.php?rest_route=%2Fwp%2Fv2%2Fcomments&post=27"}],"version-history":[{"count":5,"href":"https:\/\/future-parking.de\/index.php?rest_route=\/wp\/v2\/pages\/27\/revisions"}],"predecessor-version":[{"id":764,"href":"https:\/\/future-parking.de\/index.php?rest_route=\/wp\/v2\/pages\/27\/revisions\/764"}],"up":[{"embeddable":true,"href":"https:\/\/future-parking.de\/index.php?rest_route=\/wp\/v2\/pages\/21"}],"wp:attachment":[{"href":"https:\/\/future-parking.de\/index.php?rest_route=%2Fwp%2Fv2%2Fmedia&parent=27"}],"curies":[{"name":"wp","href":"https:\/\/api.w.org\/{rel}","templated":true}]}}