{"id":132,"date":"2018-05-24T16:07:45","date_gmt":"2018-05-24T14:07:45","guid":{"rendered":"http:\/\/dev.amz-sachsen.de\/?page_id=132"},"modified":"2020-08-27T21:06:08","modified_gmt":"2020-08-27T19:06:08","slug":"beitraege","status":"publish","type":"page","link":"https:\/\/future-parking.de\/?page_id=132","title":{"rendered":"Beitr\u00e4ge"},"content":{"rendered":"<h2>Beitr\u00e4ge<\/h2>\n<p>\t\t\t\t\t\t<a href=\"https:\/\/future-parking.de\/?p=232\" title=\"Pressetermin\"><br \/>\n\t\t\t\t\t\t\t<img decoding=\"async\" width=\"2560\" height=\"1807\" src=\"https:\/\/future-parking.de\/wp-content\/uploads\/2019\/08\/start-sw-scaled.jpg\" alt=\"\" loading=\"lazy\" srcset=\"https:\/\/future-parking.de\/wp-content\/uploads\/2019\/08\/start-sw-scaled.jpg 2560w, https:\/\/future-parking.de\/wp-content\/uploads\/2019\/08\/start-sw-300x212.jpg 300w, https:\/\/future-parking.de\/wp-content\/uploads\/2019\/08\/start-sw-1024x723.jpg 1024w, https:\/\/future-parking.de\/wp-content\/uploads\/2019\/08\/start-sw-768x542.jpg 768w, https:\/\/future-parking.de\/wp-content\/uploads\/2019\/08\/start-sw-1536x1084.jpg 1536w, https:\/\/future-parking.de\/wp-content\/uploads\/2019\/08\/start-sw-2048x1446.jpg 2048w, https:\/\/future-parking.de\/wp-content\/uploads\/2019\/08\/start-sw-830x586.jpg 830w, https:\/\/future-parking.de\/wp-content\/uploads\/2019\/08\/start-sw-230x162.jpg 230w, https:\/\/future-parking.de\/wp-content\/uploads\/2019\/08\/start-sw-350x247.jpg 350w, https:\/\/future-parking.de\/wp-content\/uploads\/2019\/08\/start-sw-480x339.jpg 480w\" sizes=\"auto, (max-width: 2560px) 100vw, 2560px\" \/>\t\t\t\t\t\t<\/a>\t\t\t<\/p>\n<h4><a href=\"https:\/\/future-parking.de\/?p=232\" rel=\"bookmark\">Pressetermin<\/a><\/h4>\n<p>Im M\u00e4rz 2021 findet das Abschlussmeeting statt, die die entwickelte Technologie wird einem ausgew\u00e4hltem Publikum live im Parkhaus gezeigt.<\/p>\n<p>\t\t\t\t\t\t<a href=\"https:\/\/future-parking.de\/?p=1\" title=\"Wir sind online!\"><br \/>\n\t\t\t\t\t\t\t<img decoding=\"async\" width=\"806\" height=\"201\" src=\"https:\/\/future-parking.de\/wp-content\/uploads\/2019\/02\/ivs_url.png\" alt=\"\" loading=\"lazy\" srcset=\"https:\/\/future-parking.de\/wp-content\/uploads\/2019\/02\/ivs_url.png 806w, https:\/\/future-parking.de\/wp-content\/uploads\/2019\/02\/ivs_url-300x75.png 300w, https:\/\/future-parking.de\/wp-content\/uploads\/2019\/02\/ivs_url-768x192.png 768w, https:\/\/future-parking.de\/wp-content\/uploads\/2019\/02\/ivs_url-230x57.png 230w, https:\/\/future-parking.de\/wp-content\/uploads\/2019\/02\/ivs_url-350x87.png 350w, https:\/\/future-parking.de\/wp-content\/uploads\/2019\/02\/ivs_url-480x120.png 480w\" sizes=\"auto, (max-width: 806px) 100vw, 806px\" \/>\t\t\t\t\t\t<\/a>\t\t\t<\/p>\n<h4><a href=\"https:\/\/future-parking.de\/?p=1\" rel=\"bookmark\">Wir sind online!<\/a><\/h4>\n<p>Infomationen zum Projekt stehen nun unter www.future-parking zur Verf\u00fcgung.<\/p>\n<p>\t\t\t\t\t\t<a href=\"https:\/\/future-parking.de\/?p=181\" title=\"Projektstart\"><br \/>\n\t\t\t\t\t\t\t<img decoding=\"async\" width=\"1200\" height=\"865\" src=\"https:\/\/future-parking.de\/wp-content\/uploads\/2019\/08\/partner-foto.jpg\" alt=\"\" loading=\"lazy\" srcset=\"https:\/\/future-parking.de\/wp-content\/uploads\/2019\/08\/partner-foto.jpg 1200w, https:\/\/future-parking.de\/wp-content\/uploads\/2019\/08\/partner-foto-300x216.jpg 300w, https:\/\/future-parking.de\/wp-content\/uploads\/2019\/08\/partner-foto-768x554.jpg 768w, https:\/\/future-parking.de\/wp-content\/uploads\/2019\/08\/partner-foto-1024x738.jpg 1024w, https:\/\/future-parking.de\/wp-content\/uploads\/2019\/08\/partner-foto-474x342.jpg 474w\" sizes=\"auto, (max-width: 1200px) 100vw, 1200px\" \/>\t\t\t\t\t\t<\/a>\t\t\t<\/p>\n<h4><a href=\"https:\/\/future-parking.de\/?p=181\" rel=\"bookmark\">Projektstart<\/a><\/h4>\n<p>am &#8230; mit den Partnern &#8230;<\/p>\n","protected":false},"excerpt":{"rendered":"<p>Beitr\u00e4ge Pressetermin Im M\u00e4rz 2021 findet das Abschlussmeeting statt, die die entwickelte Technologie wird einem ausgew\u00e4hltem Publikum live im Parkhaus gezeigt. Wir [&hellip;]<\/p>\n","protected":false},"author":2,"featured_media":0,"parent":13,"menu_order":4,"comment_status":"closed","ping_status":"closed","template":"","meta":{"footnotes":""},"class_list":["post-132","page","type-page","status-publish","hentry"],"_links":{"self":[{"href":"https:\/\/future-parking.de\/index.php?rest_route=\/wp\/v2\/pages\/132","targetHints":{"allow":["GET"]}}],"collection":[{"href":"https:\/\/future-parking.de\/index.php?rest_route=\/wp\/v2\/pages"}],"about":[{"href":"https:\/\/future-parking.de\/index.php?rest_route=\/wp\/v2\/types\/page"}],"author":[{"embeddable":true,"href":"https:\/\/future-parking.de\/index.php?rest_route=\/wp\/v2\/users\/2"}],"replies":[{"embeddable":true,"href":"https:\/\/future-parking.de\/index.php?rest_route=%2Fwp%2Fv2%2Fcomments&post=132"}],"version-history":[{"count":4,"href":"https:\/\/future-parking.de\/index.php?rest_route=\/wp\/v2\/pages\/132\/revisions"}],"predecessor-version":[{"id":781,"href":"https:\/\/future-parking.de\/index.php?rest_route=\/wp\/v2\/pages\/132\/revisions\/781"}],"up":[{"embeddable":true,"href":"https:\/\/future-parking.de\/index.php?rest_route=\/wp\/v2\/pages\/13"}],"wp:attachment":[{"href":"https:\/\/future-parking.de\/index.php?rest_route=%2Fwp%2Fv2%2Fmedia&parent=132"}],"curies":[{"name":"wp","href":"https:\/\/api.w.org\/{rel}","templated":true}]}}